{"id":884,"date":"2020-01-30T19:13:08","date_gmt":"2020-01-30T18:13:08","guid":{"rendered":"http:\/\/entreramasaventura.com\/?page_id=884"},"modified":"2020-06-04T07:15:49","modified_gmt":"2020-06-04T05:15:49","slug":"seguridad","status":"publish","type":"page","link":"https:\/\/entreramasaventura.com\/seguridad","title":{"rendered":"Compromiso de seguridad"},"content":{"rendered":"\t\t<div data-elementor-type=\"wp-page\" data-elementor-id=\"884\" class=\"elementor elementor-884\">\n\t\t\t\t\t\t<section class=\"elementor-section elementor-top-section elementor-element elementor-element-49025fe elementor-section-boxed elementor-section-height-default elementor-section-height-default\" data-id=\"49025fe\" data-element_type=\"section\" data-e-type=\"section\">\n\t\t\t\t\t\t<div class=\"elementor-container elementor-column-gap-default\">\n\t\t\t\t\t<div class=\"elementor-column elementor-col-100 elementor-top-column elementor-element elementor-element-276d847 text-center\" data-id=\"276d847\" data-element_type=\"column\" data-e-type=\"column\">\n\t\t\t<div class=\"elementor-widget-wrap elementor-element-populated\">\n\t\t\t\t\t\t<div class=\"elementor-element elementor-element-b1001c2 background-icon elementor-absolute elementor-view-default elementor-widget elementor-widget-icon\" data-id=\"b1001c2\" data-element_type=\"widget\" data-e-type=\"widget\" data-settings=\"{&quot;_position&quot;:&quot;absolute&quot;}\" data-widget_type=\"icon.default\">\n\t\t\t\t<div class=\"elementor-widget-container\">\n\t\t\t\t\t\t\t<div class=\"elementor-icon-wrapper\">\n\t\t\t<div class=\"elementor-icon\">\n\t\t\t<i aria-hidden=\"true\" class=\"fas fa-shield-alt\"><\/i>\t\t\t<\/div>\n\t\t<\/div>\n\t\t\t\t\t\t<\/div>\n\t\t\t\t<\/div>\n\t\t\t\t<div class=\"elementor-element elementor-element-801f712 elementor-widget elementor-widget-heading\" data-id=\"801f712\" data-element_type=\"widget\" data-e-type=\"widget\" data-widget_type=\"heading.default\">\n\t\t\t\t<div class=\"elementor-widget-container\">\n\t\t\t\t\t<h2 class=\"elementor-heading-title elementor-size-default\"><span>Seguridad<\/span> ante todo<\/h2>\t\t\t\t<\/div>\n\t\t\t\t<\/div>\n\t\t\t\t<div class=\"elementor-element elementor-element-b19687b elementor-widget elementor-widget-text-editor\" data-id=\"b19687b\" data-element_type=\"widget\" data-e-type=\"widget\" data-widget_type=\"text-editor.default\">\n\t\t\t\t<div class=\"elementor-widget-container\">\n\t\t\t\t\t\t\t\t\t<p>La seguridad es nuestro compromiso m\u00e1s importante. Por eso, Entre Ramas Aventura fue construido cumpliendo con la norma europea de construcci\u00f3n EN 15567-1 y se explota bajo los par\u00e1metros de la norma europea EN 15567-2. Una empresa independiente, revisa y certifica anualmente el estado y seguridad de nuestras instalaciones.<\/p><p>Adem\u00e1s de aplicar esta norma estricta, nuestras instalaciones tienen un sistema innovador llamado &#8220;l\u00ednea de vida continua&#8221; que impide que el participante pueda desengancharse de la l\u00ednea de vida. Este sistema consiste en un cable de acero \u00fanico que va desde el primer juego hasta el \u00faltimo y en el que el participante estar\u00e1 asegurado de principio a fin.<\/p>\t\t\t\t\t\t\t\t<\/div>\n\t\t\t\t<\/div>\n\t\t\t\t\t<\/div>\n\t\t<\/div>\n\t\t\t\t\t<\/div>\n\t\t<\/section>\n\t\t\t\t<section class=\"elementor-section elementor-top-section elementor-element elementor-element-dff5793 white-block text-center button-content overflow-hidden elementor-section-full_width elementor-section-height-default elementor-section-height-default\" data-id=\"dff5793\" data-element_type=\"section\" data-e-type=\"section\" data-settings=\"{&quot;background_background&quot;:&quot;classic&quot;}\">\n\t\t\t\t\t\t<div class=\"elementor-container elementor-column-gap-default\">\n\t\t\t\t\t<div class=\"elementor-column elementor-col-100 elementor-top-column elementor-element elementor-element-c26d53e\" data-id=\"c26d53e\" data-element_type=\"column\" data-e-type=\"column\">\n\t\t\t<div class=\"elementor-widget-wrap elementor-element-populated\">\n\t\t\t\t\t\t<div class=\"elementor-element elementor-element-a50ebf7 parallax-background elementor-widget elementor-widget-shortcode\" data-id=\"a50ebf7\" data-element_type=\"widget\" data-e-type=\"widget\" data-widget_type=\"shortcode.default\">\n\t\t\t\t<div class=\"elementor-widget-container\">\n\t\t\t\t\t\t\t<div class=\"elementor-shortcode\"><div class=\"nk-awb \" ><div class=\"nk-awb-wrap\" data-awb-type=\"image\" data-awb-image-background-size=\"cover\" data-awb-image-background-position=\"50% 50%\" data-awb-parallax=\"scroll\" data-awb-parallax-speed=\"0.5\" data-awb-parallax-mobile=\"false\"><div  class=\"nk-awb-inner\"><img fetchpriority=\"high\" decoding=\"async\" width=\"1920\" height=\"1080\" src=\"https:\/\/entreramasaventura.com\/wp-content\/uploads\/2020\/02\/mosqueton.jpg\" class=\"jarallax-img\" alt=\"\" style=\"object-position: 50% 50%;\" srcset=\"https:\/\/entreramasaventura.com\/wp-content\/uploads\/2020\/02\/mosqueton.jpg 1920w, https:\/\/entreramasaventura.com\/wp-content\/uploads\/2020\/02\/mosqueton-300x169.jpg 300w, https:\/\/entreramasaventura.com\/wp-content\/uploads\/2020\/02\/mosqueton-1024x576.jpg 1024w, https:\/\/entreramasaventura.com\/wp-content\/uploads\/2020\/02\/mosqueton-768x432.jpg 768w, https:\/\/entreramasaventura.com\/wp-content\/uploads\/2020\/02\/mosqueton-1536x864.jpg 1536w, https:\/\/entreramasaventura.com\/wp-content\/uploads\/2020\/02\/mosqueton-500x281.jpg 500w, https:\/\/entreramasaventura.com\/wp-content\/uploads\/2020\/02\/mosqueton-800x450.jpg 800w, https:\/\/entreramasaventura.com\/wp-content\/uploads\/2020\/02\/mosqueton-1280x720.jpg 1280w\" sizes=\"(max-width: 1920px) 100vw, 1920px\" \/><\/div><\/div><\/div><\/div>\n\t\t\t\t\t\t<\/div>\n\t\t\t\t<\/div>\n\t\t\t\t<section class=\"elementor-section elementor-inner-section elementor-element elementor-element-02cb38c elementor-section-boxed elementor-section-height-default elementor-section-height-default\" data-id=\"02cb38c\" data-element_type=\"section\" data-e-type=\"section\" data-settings=\"{&quot;background_background&quot;:&quot;classic&quot;}\">\n\t\t\t\t\t\t\t<div class=\"elementor-background-overlay\"><\/div>\n\t\t\t\t\t\t\t<div class=\"elementor-container elementor-column-gap-default\">\n\t\t\t\t\t<div class=\"elementor-column elementor-col-100 elementor-inner-column elementor-element elementor-element-db5067b\" data-id=\"db5067b\" data-element_type=\"column\" data-e-type=\"column\">\n\t\t\t<div class=\"elementor-widget-wrap elementor-element-populated\">\n\t\t\t\t\t\t<div class=\"elementor-element elementor-element-80bcc9b title elementor-widget elementor-widget-heading\" data-id=\"80bcc9b\" data-element_type=\"widget\" data-e-type=\"widget\" data-widget_type=\"heading.default\">\n\t\t\t\t<div class=\"elementor-widget-container\">\n\t\t\t\t\t<h2 class=\"elementor-heading-title elementor-size-default\"><span>Equipos de<\/span> Protecci\u00f3n<\/h2>\t\t\t\t<\/div>\n\t\t\t\t<\/div>\n\t\t\t\t<div class=\"elementor-element elementor-element-47970ce elementor-widget elementor-widget-text-editor\" data-id=\"47970ce\" data-element_type=\"widget\" data-e-type=\"widget\" data-widget_type=\"text-editor.default\">\n\t\t\t\t<div class=\"elementor-widget-container\">\n\t\t\t\t\t\t\t\t\t<p>Cada participante tiene un Equipo de Protecci\u00f3n Individual que consiste en un arn\u00e9s, dos mosquetones y una polea, todo ello homologado a la norma europea.<\/p><p>Cada mosquet\u00f3n tiene una funci\u00f3n distinta. Uno de ellos es un mosquet\u00f3n cl\u00e1sico que el participante puede abrir y cerrar. El otro es un mosquet\u00f3n dise\u00f1ado para nuestro sistema de seguridad de l\u00ednea continua, el cual se pone al principio del circuito sobre el cable de acero principal y no se suelta hasta el final del recorrido. Cada vez que el participante llegue al final de un juego, una apertura en el mosquet\u00f3n le permite pasar el siguiente juego sin soltarse de la l\u00ednea de vida. Este sistema permite una seguridad m\u00e1xima con cero riesgo de ca\u00edda. El participante puede progresar de \u00e1rbol en \u00e1rbol con toda seguridad.<\/p>\t\t\t\t\t\t\t\t<\/div>\n\t\t\t\t<\/div>\n\t\t\t\t\t<\/div>\n\t\t<\/div>\n\t\t\t\t\t<\/div>\n\t\t<\/section>\n\t\t\t\t\t<\/div>\n\t\t<\/div>\n\t\t\t\t\t<\/div>\n\t\t<\/section>\n\t\t\t\t<section class=\"elementor-section elementor-top-section elementor-element elementor-element-b3aa126 elementor-section-full_width text-center elementor-section-height-default elementor-section-height-default\" data-id=\"b3aa126\" data-element_type=\"section\" data-e-type=\"section\">\n\t\t\t\t\t\t<div class=\"elementor-container elementor-column-gap-default\">\n\t\t\t\t\t<div class=\"elementor-column elementor-col-100 elementor-top-column elementor-element elementor-element-4d3aad1\" data-id=\"4d3aad1\" data-element_type=\"column\" data-e-type=\"column\">\n\t\t\t<div class=\"elementor-widget-wrap elementor-element-populated\">\n\t\t\t\t\t\t<section class=\"elementor-section elementor-inner-section elementor-element elementor-element-75afa91 elementor-section-boxed elementor-section-height-default elementor-section-height-default\" data-id=\"75afa91\" data-element_type=\"section\" data-e-type=\"section\">\n\t\t\t\t\t\t<div class=\"elementor-container elementor-column-gap-default\">\n\t\t\t\t\t<div class=\"elementor-column elementor-col-100 elementor-inner-column elementor-element elementor-element-1642835 order-lg-2 order-1\" data-id=\"1642835\" data-element_type=\"column\" data-e-type=\"column\">\n\t\t\t<div class=\"elementor-widget-wrap elementor-element-populated\">\n\t\t\t\t\t\t<div class=\"elementor-element elementor-element-a7c2080 background-icon elementor-absolute elementor-view-default elementor-widget elementor-widget-icon\" data-id=\"a7c2080\" data-element_type=\"widget\" data-e-type=\"widget\" data-settings=\"{&quot;_position&quot;:&quot;absolute&quot;}\" data-widget_type=\"icon.default\">\n\t\t\t\t<div class=\"elementor-widget-container\">\n\t\t\t\t\t\t\t<div class=\"elementor-icon-wrapper\">\n\t\t\t<div class=\"elementor-icon\">\n\t\t\t<i aria-hidden=\"true\" class=\"fas fa-user-shield\"><\/i>\t\t\t<\/div>\n\t\t<\/div>\n\t\t\t\t\t\t<\/div>\n\t\t\t\t<\/div>\n\t\t\t\t<div class=\"elementor-element elementor-element-9ad52c5 elementor-widget elementor-widget-heading\" data-id=\"9ad52c5\" data-element_type=\"widget\" data-e-type=\"widget\" data-widget_type=\"heading.default\">\n\t\t\t\t<div class=\"elementor-widget-container\">\n\t\t\t\t\t<h2 class=\"elementor-heading-title elementor-size-default\"><span>Nuestros<\/span> Monitores<\/h2>\t\t\t\t<\/div>\n\t\t\t\t<\/div>\n\t\t\t\t<div class=\"elementor-element elementor-element-92e2295 elementor-widget elementor-widget-text-editor\" data-id=\"92e2295\" data-element_type=\"widget\" data-e-type=\"widget\" data-widget_type=\"text-editor.default\">\n\t\t\t\t<div class=\"elementor-widget-container\">\n\t\t\t\t\t\t\t\t\t<p>Entre Ramas Aventura cuenta con un\u00a0equipo de monitores altamente cualificados que estar\u00e1n supervisando las actividades en todo momento.\u00a0<\/p><p>Ellos son los encargados de impartir el curso formativo para que los participantes aprendan a usar los equipos de protecci\u00f3n individual de forma correcta y as\u00ed poder desplazarse de forma aut\u00f3noma entre los \u00e1rboles y circuitos\u00a0con total seguridad.<\/p>\t\t\t\t\t\t\t\t<\/div>\n\t\t\t\t<\/div>\n\t\t\t\t\t<\/div>\n\t\t<\/div>\n\t\t\t\t\t<\/div>\n\t\t<\/section>\n\t\t\t\t\t<\/div>\n\t\t<\/div>\n\t\t\t\t\t<\/div>\n\t\t<\/section>\n\t\t\t\t<\/div>\n\t\t","protected":false},"excerpt":{"rendered":"<p>Seguridad ante todo La seguridad es nuestro compromiso m\u00e1s importante. Por eso, Entre Ramas Aventura fue construido cumpliendo con la &#8230;<\/p>\n","protected":false},"author":1,"featured_media":1493,"parent":0,"menu_order":0,"comment_status":"closed","ping_status":"closed","template":"","meta":{"footnotes":""},"class_list":["post-884","page","type-page","status-publish","has-post-thumbnail","hentry"],"aioseo_notices":[],"_links":{"self":[{"href":"https:\/\/entreramasaventura.com\/en\/wp-json\/wp\/v2\/pages\/884","targetHints":{"allow":["GET"]}}],"collection":[{"href":"https:\/\/entreramasaventura.com\/en\/wp-json\/wp\/v2\/pages"}],"about":[{"href":"https:\/\/entreramasaventura.com\/en\/wp-json\/wp\/v2\/types\/page"}],"author":[{"embeddable":true,"href":"https:\/\/entreramasaventura.com\/en\/wp-json\/wp\/v2\/users\/1"}],"replies":[{"embeddable":true,"href":"https:\/\/entreramasaventura.com\/en\/wp-json\/wp\/v2\/comments?post=884"}],"version-history":[{"count":35,"href":"https:\/\/entreramasaventura.com\/en\/wp-json\/wp\/v2\/pages\/884\/revisions"}],"predecessor-version":[{"id":2621,"href":"https:\/\/entreramasaventura.com\/en\/wp-json\/wp\/v2\/pages\/884\/revisions\/2621"}],"wp:featuredmedia":[{"embeddable":true,"href":"https:\/\/entreramasaventura.com\/en\/wp-json\/wp\/v2\/media\/1493"}],"wp:attachment":[{"href":"https:\/\/entreramasaventura.com\/en\/wp-json\/wp\/v2\/media?parent=884"}],"curies":[{"name":"wp","href":"https:\/\/api.w.org\/{rel}","templated":true}]}}